{"id":4445,"date":"2021-02-10T10:21:01","date_gmt":"2021-02-10T10:21:01","guid":{"rendered":"https:\/\/swissdelight.qodeinteractive.com\/?page_id=4445"},"modified":"2022-09-08T10:19:11","modified_gmt":"2022-09-08T10:19:11","slug":"about-us","status":"publish","type":"page","link":"https:\/\/europa-ks.com\/index\/about-us\/","title":{"rendered":"About Us"},"content":{"rendered":"\t\t<div data-elementor-type=\"wp-page\" data-elementor-id=\"4445\" class=\"elementor elementor-4445\">\n\t\t\t\t\t\t<section class=\"elementor-section elementor-top-section elementor-element elementor-element-d2122a6 elementor-section-full_width elementor-section-height-min-height elementor-section-height-default elementor-section-items-middle qodef-elementor-content-no\" data-id=\"d2122a6\" data-element_type=\"section\" data-e-type=\"section\">\n\t\t\t\t\t\t<div class=\"elementor-container elementor-column-gap-default\">\n\t\t\t\t\t<div class=\"elementor-column elementor-col-100 elementor-top-column elementor-element elementor-element-cf1bc04\" data-id=\"cf1bc04\" data-element_type=\"column\" data-e-type=\"column\">\n\t\t\t<div class=\"elementor-widget-wrap elementor-element-populated\">\n\t\t\t\t\t\t<div class=\"elementor-element elementor-element-3f4c9b6 elementor-widget elementor-widget-swissdelight_core_section_title\" data-id=\"3f4c9b6\" data-element_type=\"widget\" data-e-type=\"widget\" data-widget_type=\"swissdelight_core_section_title.default\">\n\t\t\t\t<div class=\"elementor-widget-container\">\n\t\t\t\t\t<div class=\"qodef-shortcode qodef-m  qodef-section-title qodef-alignment--left  qodef-appear-animation--enabled\">\n\t\t<span class=\"qodef-m-tagline\" >\u00a0\u00a0\u00a0\u00a0\u00a0\u00a0\u00a0 choco love<\/span>\n\t<h1 class=\"qodef-m-title\" >\n\t\t\t\u00a0\u00a0\u00a0\u00a0\u00a0\u00a0\u00a0Rreth <span class=\"qodef-subtitle-wrapper\">Nesh<span class=\"qodef-m-subtitle\" >\u00a0\u00a0\u00a0\u00a0\u00a0\u00a0\u00a0Llokum Me Arra<\/span><\/span>\t<\/h1>\n\t\t<\/div>\n\t\t\t\t<\/div>\n\t\t\t\t<\/div>\n\t\t\t\t\t<\/div>\n\t\t<\/div>\n\t\t\t\t\t<\/div>\n\t\t<\/section>\n\t\t\t\t<section class=\"elementor-section elementor-top-section elementor-element elementor-element-d39efb1 qodef-elementor-content-grid elementor-section-boxed elementor-section-height-default elementor-section-height-default\" data-id=\"d39efb1\" data-element_type=\"section\" data-e-type=\"section\" data-settings=\"{&quot;background_background&quot;:&quot;classic&quot;}\">\n\t\t\t\t\t\t<div class=\"elementor-container elementor-column-gap-default\">\n\t\t\t\t\t<div class=\"elementor-column elementor-col-50 elementor-top-column elementor-element elementor-element-b47f8d9\" data-id=\"b47f8d9\" data-element_type=\"column\" data-e-type=\"column\">\n\t\t\t<div class=\"elementor-widget-wrap elementor-element-populated\">\n\t\t\t\t\t\t<div class=\"elementor-element elementor-element-c7715d5 elementor-widget elementor-widget-image\" data-id=\"c7715d5\" data-element_type=\"widget\" data-e-type=\"widget\" data-widget_type=\"image.default\">\n\t\t\t\t<div class=\"elementor-widget-container\">\n\t\t\t\t\t\t\t\t\t\t\t\t\t\t\t<img fetchpriority=\"high\" decoding=\"async\" width=\"942\" height=\"800\" src=\"https:\/\/europa-ks.com\/index\/wp-content\/uploads\/2022\/09\/1432725665-cokolokumLogo.png\" class=\"attachment-large size-large wp-image-12269\" alt=\"\" srcset=\"https:\/\/europa-ks.com\/index\/wp-content\/uploads\/2022\/09\/1432725665-cokolokumLogo.png 942w, https:\/\/europa-ks.com\/index\/wp-content\/uploads\/2022\/09\/1432725665-cokolokumLogo-300x255.png 300w, https:\/\/europa-ks.com\/index\/wp-content\/uploads\/2022\/09\/1432725665-cokolokumLogo-768x652.png 768w, https:\/\/europa-ks.com\/index\/wp-content\/uploads\/2022\/09\/1432725665-cokolokumLogo-600x510.png 600w\" sizes=\"(max-width: 942px) 100vw, 942px\" \/>\t\t\t\t\t\t\t\t\t\t\t\t\t\t\t<\/div>\n\t\t\t\t<\/div>\n\t\t\t\t\t<\/div>\n\t\t<\/div>\n\t\t\t\t<div class=\"elementor-column elementor-col-50 elementor-top-column elementor-element elementor-element-d868597\" data-id=\"d868597\" data-element_type=\"column\" data-e-type=\"column\">\n\t\t\t<div class=\"elementor-widget-wrap elementor-element-populated\">\n\t\t\t\t\t\t<div class=\"elementor-element elementor-element-97cb1e4 elementor-widget elementor-widget-swissdelight_core_section_title\" data-id=\"97cb1e4\" data-element_type=\"widget\" data-e-type=\"widget\" data-widget_type=\"swissdelight_core_section_title.default\">\n\t\t\t\t<div class=\"elementor-widget-container\">\n\t\t\t\t\t<div class=\"qodef-shortcode qodef-m  qodef-section-title qodef-alignment--left  qodef-appear-animation--enabled\">\n\t\t<h2 class=\"qodef-m-title\" >\n\t\t\tKush jemi <span class=\"qodef-subtitle-wrapper\">ne<span class=\"qodef-m-subtitle\" style=\"color: #DFBB8166\">tasty<\/span><\/span>\t<\/h2>\n\t\t<p class=\"qodef-m-text\" style=\"margin-top: 15px\">Kompania \u201cEUROPA\u201d filloi pun\u00ebn n\u00eb Kosov\u00eb n\u00eb vitin 1991, fillimisht n\u00eb Vushtrri si p\u00ebrfaq\u00ebsues gjeneral i kompanis\u00eb \u201cEVROPA\u201d nga Maqedonia\nPas suksesit \u00e7\u00eb pat\u00ebm n\u00eb biznesin ton\u00eb p\u00ebr gjasht\u00eb vite me radh\u00eb, vendos\u00ebm t\u00eb transferohemi n\u00eb Prishtin\u00eb p\u00ebr ta zgj\u00ebruar tregun\nSot ne jemi gjithashtu p\u00ebrfaqesues t\u00eb disa kompanive tjera si: \u201cKENT &amp; MASTER\u201d nga Bosnia e cila merret me prodhimin e gj\u00ebrave ushqimore<\/p>\n\t<\/div>\n\t\t\t\t<\/div>\n\t\t\t\t<\/div>\n\t\t\t\t<div class=\"elementor-element elementor-element-7a7a599 elementor-widget elementor-widget-image\" data-id=\"7a7a599\" data-element_type=\"widget\" data-e-type=\"widget\" data-widget_type=\"image.default\">\n\t\t\t\t<div class=\"elementor-widget-container\">\n\t\t\t\t\t\t\t\t\t\t\t\t\t\t\t<img decoding=\"async\" width=\"148\" height=\"98\" src=\"https:\/\/europa-ks.com\/index\/wp-content\/uploads\/2021\/01\/h1-author-img2.png\" class=\"attachment-large size-large wp-image-1108\" alt=\"n\" \/>\t\t\t\t\t\t\t\t\t\t\t\t\t\t\t<\/div>\n\t\t\t\t<\/div>\n\t\t\t\t<div class=\"elementor-element elementor-element-a843cdd elementor-widget elementor-widget-text-editor\" data-id=\"a843cdd\" data-element_type=\"widget\" data-e-type=\"widget\" data-widget_type=\"text-editor.default\">\n\t\t\t\t<div class=\"elementor-widget-container\">\n\t\t\t\t\t\t\t\t\t<h6 style=\"text-align: center;\">E. Hasani<\/h6>\t\t\t\t\t\t\t\t<\/div>\n\t\t\t\t<\/div>\n\t\t\t\t\t<\/div>\n\t\t<\/div>\n\t\t\t\t\t<\/div>\n\t\t<\/section>\n\t\t\t\t<section class=\"elementor-section elementor-top-section elementor-element elementor-element-e9fd090 elementor-reverse-tablet elementor-reverse-mobile qodef-elementor-content-grid elementor-section-boxed elementor-section-height-default elementor-section-height-default\" data-id=\"e9fd090\" data-element_type=\"section\" data-e-type=\"section\">\n\t\t\t\t\t\t<div class=\"elementor-container elementor-column-gap-default\">\n\t\t\t\t\t<div class=\"elementor-column elementor-col-50 elementor-top-column elementor-element elementor-element-b2a6e50\" data-id=\"b2a6e50\" data-element_type=\"column\" data-e-type=\"column\">\n\t\t\t<div class=\"elementor-widget-wrap elementor-element-populated\">\n\t\t\t\t\t\t<div class=\"elementor-element elementor-element-d96d66f elementor-widget elementor-widget-swissdelight_core_section_title\" data-id=\"d96d66f\" data-element_type=\"widget\" data-e-type=\"widget\" data-widget_type=\"swissdelight_core_section_title.default\">\n\t\t\t\t<div class=\"elementor-widget-container\">\n\t\t\t\t\t<div class=\"qodef-shortcode qodef-m  qodef-section-title qodef-alignment--left  qodef-appear-animation--enabled\">\n\t\t<h2 class=\"qodef-m-title\" >\n\t\t\tAbout <span class=\"qodef-subtitle-wrapper\">Us<span class=\"qodef-m-subtitle\" >Choco<\/span><\/span>\t<\/h2>\n\t\t<p class=\"qodef-m-text\" style=\"margin-top: 0px\">\nSince 1991 \u201cEUROPA\u201d Company has started working on Kosovo, initially in Vushtrri as a general representative of the Macedonian company \u201cEVROPA.\u201d We decided to relocate to Prishtina to expand our market after six years of success in our industry.\nToday, we also serve a number of other businesses, including \u201cKENT &amp; MASTER\u201d from Bosnia, which specializes in food production.<\/p>\n\t\t<div class=\"qodef-m-button\">\n\t\t<a class=\"qodef-shortcode qodef-m  qodef-button qodef-layout--filled  qodef-html--link qodef-has-icon qodef-no-text\" href=\"\" target=\"_self\"  >\t<span class=\"qodef-m-text\">\t\t            <svg class=\"qodef-m-svg-icon\" xmlns=\"http:\/\/www.w3.org\/2000\/svg\" xmlns:xlink=\"http:\/\/www.w3.org\/1999\/xlink\" x=\"0px\" y=\"0px\" width=\"35.375px\" height=\"11.125px\" viewBox=\"0 0 35.375 12.125\" enable-background=\"new 0 0 35.375 12.125\" xml:space=\"preserve\"><g><line x1=\"0.198\" y1=\"6.078\" x2=\"35.088\" y2=\"6.047\"\/><line x1=\"29.823\" y1=\"1\" x2=\"34.745\" y2=\"5.922\"\/><line x1=\"29.823\" y1=\"11.125\" x2=\"34.745\" y2=\"6.203\"\/><\/g><\/svg>\t\t\t<\/span><\/a>\t<\/div>\n<\/div>\n\t\t\t\t<\/div>\n\t\t\t\t<\/div>\n\t\t\t\t<div class=\"elementor-element elementor-element-d47022b elementor-widget elementor-widget-image\" data-id=\"d47022b\" data-element_type=\"widget\" data-e-type=\"widget\" data-widget_type=\"image.default\">\n\t\t\t\t<div class=\"elementor-widget-container\">\n\t\t\t\t\t\t\t\t\t\t\t\t\t\t\t<img decoding=\"async\" width=\"148\" height=\"98\" src=\"https:\/\/europa-ks.com\/index\/wp-content\/uploads\/2021\/01\/h1-author-img2.png\" class=\"attachment-large size-large wp-image-1108\" alt=\"n\" \/>\t\t\t\t\t\t\t\t\t\t\t\t\t\t\t<\/div>\n\t\t\t\t<\/div>\n\t\t\t\t<div class=\"elementor-element elementor-element-7a40039 elementor-widget elementor-widget-text-editor\" data-id=\"7a40039\" data-element_type=\"widget\" data-e-type=\"widget\" data-widget_type=\"text-editor.default\">\n\t\t\t\t<div class=\"elementor-widget-container\">\n\t\t\t\t\t\t\t\t\t<h6 style=\"text-align: center;\">E. Hasani<\/h6>\t\t\t\t\t\t\t\t<\/div>\n\t\t\t\t<\/div>\n\t\t\t\t\t<\/div>\n\t\t<\/div>\n\t\t\t\t<div class=\"elementor-column elementor-col-50 elementor-top-column elementor-element elementor-element-0aecc00\" data-id=\"0aecc00\" data-element_type=\"column\" data-e-type=\"column\">\n\t\t\t<div class=\"elementor-widget-wrap elementor-element-populated\">\n\t\t\t\t\t\t<div class=\"elementor-element elementor-element-39f7f9b elementor-widget elementor-widget-image\" data-id=\"39f7f9b\" data-element_type=\"widget\" data-e-type=\"widget\" data-widget_type=\"image.default\">\n\t\t\t\t<div class=\"elementor-widget-container\">\n\t\t\t\t\t\t\t\t\t\t\t\t\t\t\t<img decoding=\"async\" width=\"942\" height=\"750\" src=\"https:\/\/europa-ks.com\/index\/wp-content\/uploads\/2022\/09\/1432725747-roza.png\" class=\"attachment-large size-large wp-image-12279\" alt=\"\" srcset=\"https:\/\/europa-ks.com\/index\/wp-content\/uploads\/2022\/09\/1432725747-roza.png 942w, https:\/\/europa-ks.com\/index\/wp-content\/uploads\/2022\/09\/1432725747-roza-300x239.png 300w, https:\/\/europa-ks.com\/index\/wp-content\/uploads\/2022\/09\/1432725747-roza-768x611.png 768w, https:\/\/europa-ks.com\/index\/wp-content\/uploads\/2022\/09\/1432725747-roza-600x478.png 600w\" sizes=\"(max-width: 942px) 100vw, 942px\" \/>\t\t\t\t\t\t\t\t\t\t\t\t\t\t\t<\/div>\n\t\t\t\t<\/div>\n\t\t\t\t\t<\/div>\n\t\t<\/div>\n\t\t\t\t\t<\/div>\n\t\t<\/section>\n\t\t\t\t<section class=\"elementor-section elementor-top-section elementor-element elementor-element-9f620c1 elementor-section-full_width qodef-row-btt-light elementor-section-height-default elementor-section-height-default qodef-elementor-content-no\" data-id=\"9f620c1\" data-element_type=\"section\" data-e-type=\"section\">\n\t\t\t\t\t\t<div class=\"elementor-container elementor-column-gap-default\">\n\t\t\t\t\t<div class=\"elementor-column elementor-col-100 elementor-top-column elementor-element elementor-element-09bf560\" data-id=\"09bf560\" data-element_type=\"column\" data-e-type=\"column\">\n\t\t\t<div class=\"elementor-widget-wrap elementor-element-populated\">\n\t\t\t\t\t\t<div class=\"elementor-element elementor-element-ccd37cb elementor-widget elementor-widget-swissdelight_core_video_button\" data-id=\"ccd37cb\" data-element_type=\"widget\" data-e-type=\"widget\" data-widget_type=\"swissdelight_core_video_button.default\">\n\t\t\t\t<div class=\"elementor-widget-container\">\n\t\t\t\t\t<div class=\"qodef-shortcode qodef-m  qodef-video-button qodef-hover-animation--follow qodef--has-img qodef-stamped\" data-appearing-delay=\"0\">\n\t\t<div class=\"qodef-m-image\">\n\t\t<img loading=\"lazy\" decoding=\"async\" width=\"1920\" height=\"773\" src=\"https:\/\/europa-ks.com\/index\/wp-content\/uploads\/2021\/02\/about-us-img-8.jpg\" class=\"attachment-full size-full\" alt=\"k\" srcset=\"https:\/\/europa-ks.com\/index\/wp-content\/uploads\/2021\/02\/about-us-img-8.jpg 1920w, https:\/\/europa-ks.com\/index\/wp-content\/uploads\/2021\/02\/about-us-img-8-600x242.jpg 600w, https:\/\/europa-ks.com\/index\/wp-content\/uploads\/2021\/02\/about-us-img-8-300x121.jpg 300w, https:\/\/europa-ks.com\/index\/wp-content\/uploads\/2021\/02\/about-us-img-8-1024x412.jpg 1024w, https:\/\/europa-ks.com\/index\/wp-content\/uploads\/2021\/02\/about-us-img-8-768x309.jpg 768w, https:\/\/europa-ks.com\/index\/wp-content\/uploads\/2021\/02\/about-us-img-8-1536x618.jpg 1536w\" sizes=\"(max-width: 1920px) 100vw, 1920px\" \/>\t<\/div>\n\t\t<a itemprop=\"url\" class=\"qodef-m-play qodef-magnific-popup qodef-popup-video-item\"  href=\"https:\/\/www.youtube.com\/watch?v=9VlbHn1FIpA\" data-type=\"iframe\">\n        <span class=\"qodef-m-play-inner\">\n            <span class=\"qodef-m-text\" data-count=\"59\"><span class=\"qodef-m-character\">q<\/span> <span class=\"qodef-m-character\">u<\/span> <span class=\"qodef-m-character\">e<\/span> <span class=\"qodef-m-character\">e<\/span> <span class=\"qodef-m-character\">n<\/span> <span class=\"qodef-m-character\"> <\/span> <span class=\"qodef-m-character\">o<\/span> <span class=\"qodef-m-character\">f<\/span> <span class=\"qodef-m-character\"> <\/span> <span class=\"qodef-m-character\">t<\/span> <span class=\"qodef-m-character\">a<\/span> <span class=\"qodef-m-character\">s<\/span> <span class=\"qodef-m-character\">t<\/span> <span class=\"qodef-m-character\">e<\/span> <span class=\"qodef-m-character\"> <\/span> <span class=\"qodef-m-character\">p<\/span> <span class=\"qodef-m-character\">e<\/span> <span class=\"qodef-m-character\">r<\/span> <span class=\"qodef-m-character\">f<\/span> <span class=\"qodef-m-character\">e<\/span> <span class=\"qodef-m-character\">c<\/span> <span class=\"qodef-m-character\">t<\/span> <span class=\"qodef-m-character\"> <\/span> <span class=\"qodef-m-character\">s<\/span> <span class=\"qodef-m-character\">e<\/span> <span class=\"qodef-m-character\">l<\/span> <span class=\"qodef-m-character\">e<\/span> <span class=\"qodef-m-character\">c<\/span> <span class=\"qodef-m-character\">t<\/span> <span class=\"qodef-m-character\">i<\/span> <span class=\"qodef-m-character\">o<\/span> <span class=\"qodef-m-character\">n<\/span> <span class=\"qodef-m-character\"> <\/span> <span class=\"qodef-m-character\">o<\/span> <span class=\"qodef-m-character\">r<\/span> <span class=\"qodef-m-character\">m<\/span> <span class=\"qodef-m-character\">o<\/span> <span class=\"qodef-m-character\">r<\/span> <span class=\"qodef-m-character\">e<\/span> <span class=\"qodef-m-character\"> <\/span> <span class=\"qodef-m-character\">t<\/span> <span class=\"qodef-m-character\">e<\/span> <span class=\"qodef-m-character\">t<\/span> <span class=\"qodef-m-character\">e<\/span> <span class=\"qodef-m-character\">x<\/span> <span class=\"qodef-m-character\">t<\/span> <span class=\"qodef-m-character\"> <\/span> <span class=\"qodef-m-character\">m<\/span> <span class=\"qodef-m-character\">e<\/span> <span class=\"qodef-m-character\"> <\/span> <span class=\"qodef-m-character\">t<\/span> <span class=\"qodef-m-character\">e<\/span> <span class=\"qodef-m-character\">x<\/span> <span class=\"qodef-m-character\">t<\/span> <span class=\"qodef-m-character\"> <\/span> <span class=\"qodef-m-character\">t<\/span> <span class=\"qodef-m-character\">o<\/span> <span class=\"qodef-m-character\">o<\/span> <span class=\"qodef-m-character\">r<\/span><\/span>\n            <span class=\"qodef-icon-ionicons ion-md-arrow-dropright\" ><\/span>        <\/span>\n\t<\/a>\n<\/div>\n\t\t\t\t<\/div>\n\t\t\t\t<\/div>\n\t\t\t\t\t<\/div>\n\t\t<\/div>\n\t\t\t\t\t<\/div>\n\t\t<\/section>\n\t\t\t\t<section class=\"elementor-section elementor-top-section elementor-element elementor-element-3e39d0f elementor-reverse-tablet elementor-reverse-mobile qodef-elementor-content-grid elementor-section-boxed elementor-section-height-default elementor-section-height-default\" data-id=\"3e39d0f\" data-element_type=\"section\" data-e-type=\"section\">\n\t\t\t\t\t\t<div class=\"elementor-container elementor-column-gap-default\">\n\t\t\t\t\t<div class=\"elementor-column elementor-col-50 elementor-top-column elementor-element elementor-element-a607ff2\" data-id=\"a607ff2\" data-element_type=\"column\" data-e-type=\"column\">\n\t\t\t<div class=\"elementor-widget-wrap elementor-element-populated\">\n\t\t\t\t\t\t<div class=\"elementor-element elementor-element-889627a elementor-widget elementor-widget-qi_addons_for_elementor_business_hours\" data-id=\"889627a\" data-element_type=\"widget\" data-e-type=\"widget\" data-widget_type=\"qi_addons_for_elementor_business_hours.default\">\n\t\t\t\t<div class=\"elementor-widget-container\">\n\t\t\t\t\t<div class=\"qodef-shortcode qodef-m qodef-qi-business-hours qodef-layout--standard qodef-line-type--between qodef-resposive--no qodef-text-underline\">\n\t<div class=\"qodef-m-inner\">\n\t\t\t<h5 class=\"qodef-m-subtitle\">\n\t\tChoco Time\t<\/h5>\n\t\t\t<h2 class=\"qodef-m-title\">\n\t\tORARI i PUN\u00cbS\t<\/h2>\n\t\t\t\t<div class=\"qodef-m-items\">\n\t\t\t<div class=\"qodef-e qodef-e-item elementor-repeater-item-75d3d52\">\n\t\t\t<div class=\"qodef-e-title-holder\">\n\t\t\t\t\t\t<h5 class=\"qodef-e-day\">\n\t\t\t\tMonday\t\t\t<\/h5>\n\t\t<\/div>\n\t\t<div class=\"qodef-e-line\"><\/div>\n\t\t\t\t\t<p class=\"qodef-e-hours\">\n\t\t\t\t08:00 - 16:00\t\t\t<\/p>\n\t\t\t<\/div>\n<div class=\"qodef-e qodef-e-item elementor-repeater-item-a811d83\">\n\t\t\t<div class=\"qodef-e-title-holder\">\n\t\t\t\t\t\t<h5 class=\"qodef-e-day\">\n\t\t\t\tTuesday\t\t\t<\/h5>\n\t\t<\/div>\n\t\t<div class=\"qodef-e-line\"><\/div>\n\t\t\t\t\t<p class=\"qodef-e-hours\">\n\t\t\t\t08:00 - 16:00\t\t\t<\/p>\n\t\t\t<\/div>\n<div class=\"qodef-e qodef-e-item elementor-repeater-item-3f77b77\">\n\t\t\t<div class=\"qodef-e-title-holder\">\n\t\t\t\t\t\t<h5 class=\"qodef-e-day\">\n\t\t\t\tWednesday\t\t\t<\/h5>\n\t\t<\/div>\n\t\t<div class=\"qodef-e-line\"><\/div>\n\t\t\t\t\t<p class=\"qodef-e-hours\">\n\t\t\t\t08:00 - 16:00\t\t\t<\/p>\n\t\t\t<\/div>\n<div class=\"qodef-e qodef-e-item elementor-repeater-item-e5c5670\">\n\t\t\t<div class=\"qodef-e-title-holder\">\n\t\t\t\t\t\t<h5 class=\"qodef-e-day\">\n\t\t\t\tThursday\t\t\t<\/h5>\n\t\t<\/div>\n\t\t<div class=\"qodef-e-line\"><\/div>\n\t\t\t\t\t<p class=\"qodef-e-hours\">\n\t\t\t\t08:00 - 16:00\t\t\t<\/p>\n\t\t\t<\/div>\n<div class=\"qodef-e qodef-e-item elementor-repeater-item-931bd60\">\n\t\t\t<div class=\"qodef-e-title-holder\">\n\t\t\t\t\t\t<h5 class=\"qodef-e-day\">\n\t\t\t\tFriday\t\t\t\t<\/h5>\n\t\t<\/div>\n\t\t<div class=\"qodef-e-line\"><\/div>\n\t\t\t\t\t<p class=\"qodef-e-hours\">\n\t\t\t\t08:00 - 16:00\t\t\t<\/p>\n\t\t\t<\/div>\n\t\t<\/div>\n\t\t\t<\/div>\n<\/div>\n\t\t\t\t<\/div>\n\t\t\t\t<\/div>\n\t\t\t\t\t<\/div>\n\t\t<\/div>\n\t\t\t\t<div class=\"elementor-column elementor-col-50 elementor-top-column elementor-element elementor-element-bf62ebb\" data-id=\"bf62ebb\" data-element_type=\"column\" data-e-type=\"column\">\n\t\t\t<div class=\"elementor-widget-wrap elementor-element-populated\">\n\t\t\t\t\t\t<div class=\"elementor-element elementor-element-aa1c41a elementor-widget elementor-widget-image\" data-id=\"aa1c41a\" data-element_type=\"widget\" data-e-type=\"widget\" data-widget_type=\"image.default\">\n\t\t\t\t<div class=\"elementor-widget-container\">\n\t\t\t\t\t\t\t\t\t\t\t\t\t\t\t<img loading=\"lazy\" decoding=\"async\" width=\"799\" height=\"491\" src=\"https:\/\/europa-ks.com\/index\/wp-content\/uploads\/2022\/09\/europa_n.jpg\" class=\"attachment-large size-large wp-image-12246\" alt=\"\" srcset=\"https:\/\/europa-ks.com\/index\/wp-content\/uploads\/2022\/09\/europa_n.jpg 799w, https:\/\/europa-ks.com\/index\/wp-content\/uploads\/2022\/09\/europa_n-300x184.jpg 300w, https:\/\/europa-ks.com\/index\/wp-content\/uploads\/2022\/09\/europa_n-768x472.jpg 768w, https:\/\/europa-ks.com\/index\/wp-content\/uploads\/2022\/09\/europa_n-600x369.jpg 600w\" sizes=\"(max-width: 799px) 100vw, 799px\" \/>\t\t\t\t\t\t\t\t\t\t\t\t\t\t\t<\/div>\n\t\t\t\t<\/div>\n\t\t\t\t\t<\/div>\n\t\t<\/div>\n\t\t\t\t\t<\/div>\n\t\t<\/section>\n\t\t\t\t<\/div>\n\t\t","protected":false},"excerpt":{"rendered":"<p>\u00a0\u00a0\u00a0\u00a0\u00a0\u00a0\u00a0 choco love \u00a0\u00a0\u00a0\u00a0\u00a0\u00a0\u00a0Rreth Nesh\u00a0\u00a0\u00a0\u00a0\u00a0\u00a0\u00a0Llokum Me Arra Kush jemi netasty Kompania \u201cEUROPA\u201d filloi pun\u00ebn n\u00eb Kosov\u00eb n\u00eb vitin 1991, fillimisht n\u00eb Vushtrri si p\u00ebrfaq\u00ebsues gjeneral i kompanis\u00eb \u201cEVROPA\u201d nga Maqedonia Pas suksesit \u00e7\u00eb pat\u00ebm n\u00eb biznesin ton\u00eb p\u00ebr gjasht\u00eb vite me radh\u00eb, vendos\u00ebm t\u00eb transferohemi n\u00eb Prishtin\u00eb p\u00ebr ta zgj\u00ebruar tregun Sot ne jemi gjithashtu [&hellip;]<\/p>\n","protected":false},"author":1,"featured_media":0,"parent":0,"menu_order":0,"comment_status":"closed","ping_status":"closed","template":"page-full-width.php","meta":{"footnotes":""},"class_list":["post-4445","page","type-page","status-publish","hentry"],"jetpack_sharing_enabled":true,"_links":{"self":[{"href":"https:\/\/europa-ks.com\/index\/wp-json\/wp\/v2\/pages\/4445","targetHints":{"allow":["GET"]}}],"collection":[{"href":"https:\/\/europa-ks.com\/index\/wp-json\/wp\/v2\/pages"}],"about":[{"href":"https:\/\/europa-ks.com\/index\/wp-json\/wp\/v2\/types\/page"}],"author":[{"embeddable":true,"href":"https:\/\/europa-ks.com\/index\/wp-json\/wp\/v2\/users\/1"}],"replies":[{"embeddable":true,"href":"https:\/\/europa-ks.com\/index\/wp-json\/wp\/v2\/comments?post=4445"}],"version-history":[{"count":39,"href":"https:\/\/europa-ks.com\/index\/wp-json\/wp\/v2\/pages\/4445\/revisions"}],"predecessor-version":[{"id":12403,"href":"https:\/\/europa-ks.com\/index\/wp-json\/wp\/v2\/pages\/4445\/revisions\/12403"}],"wp:attachment":[{"href":"https:\/\/europa-ks.com\/index\/wp-json\/wp\/v2\/media?parent=4445"}],"curies":[{"name":"wp","href":"https:\/\/api.w.org\/{rel}","templated":true}]}}