{"id":4870,"date":"2021-02-10T14:50:45","date_gmt":"2021-02-10T14:50:45","guid":{"rendered":"https:\/\/swissdelight.qodeinteractive.com\/?page_id=4870"},"modified":"2022-09-03T23:20:49","modified_gmt":"2022-09-03T23:20:49","slug":"contact-us","status":"publish","type":"page","link":"https:\/\/europa-ks.com\/index\/contact-us\/","title":{"rendered":"Contact Us"},"content":{"rendered":"\t\t<div data-elementor-type=\"wp-page\" data-elementor-id=\"4870\" class=\"elementor elementor-4870\">\n\t\t\t\t\t\t<section class=\"elementor-section elementor-top-section elementor-element elementor-element-1b07688 elementor-section-boxed elementor-section-height-default elementor-section-height-default qodef-elementor-content-no\" data-id=\"1b07688\" data-element_type=\"section\" data-e-type=\"section\">\n\t\t\t\t\t\t<div class=\"elementor-container elementor-column-gap-default\">\n\t\t\t\t\t<div class=\"elementor-column elementor-col-100 elementor-top-column elementor-element elementor-element-b804f36\" data-id=\"b804f36\" data-element_type=\"column\" data-e-type=\"column\">\n\t\t\t<div class=\"elementor-widget-wrap\">\n\t\t\t\t\t\t\t<\/div>\n\t\t<\/div>\n\t\t\t\t\t<\/div>\n\t\t<\/section>\n\t\t\t\t<section class=\"elementor-section elementor-top-section elementor-element elementor-element-2950288 qodef-elementor-content-grid elementor-section-boxed elementor-section-height-default elementor-section-height-default\" data-id=\"2950288\" data-element_type=\"section\" data-e-type=\"section\">\n\t\t\t\t\t\t<div class=\"elementor-container elementor-column-gap-default\">\n\t\t\t\t\t<div class=\"elementor-column elementor-col-33 elementor-top-column elementor-element elementor-element-7052bf4\" data-id=\"7052bf4\" data-element_type=\"column\" data-e-type=\"column\">\n\t\t\t<div class=\"elementor-widget-wrap elementor-element-populated\">\n\t\t\t\t\t\t<div class=\"elementor-element elementor-element-c35dfa6 elementor-widget elementor-widget-text-editor\" data-id=\"c35dfa6\" data-element_type=\"widget\" data-e-type=\"widget\" data-widget_type=\"text-editor.default\">\n\t\t\t\t<div class=\"elementor-widget-container\">\n\t\t\t\t\t\t\t\t\t<h4 style=\"text-align: center;\">Prishtin\u00eb<\/h4>\t\t\t\t\t\t\t\t<\/div>\n\t\t\t\t<\/div>\n\t\t\t\t<div class=\"elementor-element elementor-element-3ebb2c0 elementor-widget elementor-widget-heading\" data-id=\"3ebb2c0\" data-element_type=\"widget\" data-e-type=\"widget\" data-widget_type=\"heading.default\">\n\t\t\t\t<div class=\"elementor-widget-container\">\n\t\t\t\t\t<p class=\"elementor-heading-title elementor-size-default\"><a href=\"https:\/\/www.google.com\/maps\/place\/EUROPA\/@42.5811596,21.1127288,851m\/data=!3m1!1e3!4m5!3m4!1s0x13549d41db027313:0xd80e669ee24fe500!8m2!3d42.580701!4d21.1137371\" target=\"_blank\">Preoc - Afer Lagjes Marigona Residence\n\n<\/a><\/p>\t\t\t\t<\/div>\n\t\t\t\t<\/div>\n\t\t\t\t<div class=\"elementor-element elementor-element-3078de5 elementor-widget elementor-widget-heading\" data-id=\"3078de5\" data-element_type=\"widget\" data-e-type=\"widget\" data-widget_type=\"heading.default\">\n\t\t\t\t<div class=\"elementor-widget-container\">\n\t\t\t\t\t<p class=\"elementor-heading-title elementor-size-default\"><a href=\"tel:+38349802333\">+383 49 802 333<\/a><\/p>\t\t\t\t<\/div>\n\t\t\t\t<\/div>\n\t\t\t\t<div class=\"elementor-element elementor-element-700db12 elementor-widget elementor-widget-heading\" data-id=\"700db12\" data-element_type=\"widget\" data-e-type=\"widget\" data-widget_type=\"heading.default\">\n\t\t\t\t<div class=\"elementor-widget-container\">\n\t\t\t\t\t<p class=\"elementor-heading-title elementor-size-default\"><a href=\"mailto:info@europa-ks.com\">info@europa-ks.com<\/a><\/p>\t\t\t\t<\/div>\n\t\t\t\t<\/div>\n\t\t\t\t<div class=\"elementor-element elementor-element-8dfe2ca elementor-widget__width-auto elementor-widget elementor-widget-wp-widget-swissdelight_core_social_icons_group\" data-id=\"8dfe2ca\" data-element_type=\"widget\" data-e-type=\"widget\" data-widget_type=\"wp-widget-swissdelight_core_social_icons_group.default\">\n\t\t\t\t<div class=\"elementor-widget-container\">\n\t\t\t\t\t\t\t\t<div class=\"qodef-social-icons-group\">\n\t\t\t\t<span class=\"qodef-shortcode qodef-m  qodef-icon-holder  qodef-layout--normal\"  >\n\t\t\t<a itemprop=\"url\" href=\"https:\/\/www.facebook.com\/europaprishtina\" target=\"_blank\">\n\t\t\t<span class=\"qodef-icon-ionicons ion-logo-facebook qodef-icon qodef-e\" style=\"color: #241c10;font-size: 19px\" ><\/span>\t\t\t<\/a>\n\t<\/span>\n<span class=\"qodef-shortcode qodef-m  qodef-icon-holder  qodef-layout--normal\"  style=\"margin: 0 20px 0 15px\">\n\t\t\t<a itemprop=\"url\" href=\"https:\/\/www.facebook.com\/europaprishtina\" target=\"_blank\">\n\t\t\t<span class=\"qodef-icon-ionicons ion-logo-twitter qodef-icon qodef-e\" style=\"color: #241c10;font-size: 19px\" ><\/span>\t\t\t<\/a>\n\t<\/span>\n<span class=\"qodef-shortcode qodef-m  qodef-icon-holder  qodef-layout--normal\"  style=\"margin: 0 20px 0 0px\">\n\t\t\t<a itemprop=\"url\" href=\"https:\/\/www.facebook.com\/europaprishtina\" target=\"_blank\">\n\t\t\t<span class=\"qodef-icon-ionicons ion-logo-pinterest qodef-icon qodef-e\" style=\"color: #241c10;font-size: 19px\" ><\/span>\t\t\t<\/a>\n\t<\/span>\n<span class=\"qodef-shortcode qodef-m  qodef-icon-holder  qodef-layout--normal\"  style=\"margin: 0 20px 0 0px\">\n\t\t\t<a itemprop=\"url\" href=\"https:\/\/www.youtube.com\/watch?v=9VlbHn1FIpA\" target=\"_blank\">\n\t\t\t<span class=\"qodef-icon-ionicons ion-logo-youtube qodef-icon qodef-e\" style=\"color: #241c10;font-size: 19px\" ><\/span>\t\t\t<\/a>\n\t<\/span>\n<span class=\"qodef-shortcode qodef-m  qodef-icon-holder  qodef-layout--normal\"  >\n\t\t\t<a itemprop=\"url\" href=\"https:\/\/www.instagram.com\/europa_ks\" target=\"_blank\">\n\t\t\t<span class=\"qodef-icon-ionicons ion-logo-instagram qodef-icon qodef-e\" style=\"color: #241c10;font-size: 19px\" ><\/span>\t\t\t<\/a>\n\t<\/span>\n\t\t\t<\/div>\n\t\t\t\t\t\t\t<\/div>\n\t\t\t\t<\/div>\n\t\t\t\t<div class=\"elementor-element elementor-element-eae4348 elementor-widget elementor-widget-image\" data-id=\"eae4348\" data-element_type=\"widget\" data-e-type=\"widget\" data-widget_type=\"image.default\">\n\t\t\t\t<div class=\"elementor-widget-container\">\n\t\t\t\t\t\t\t\t\t\t\t\t\t\t\t<img fetchpriority=\"high\" decoding=\"async\" width=\"799\" height=\"491\" src=\"https:\/\/europa-ks.com\/index\/wp-content\/uploads\/2022\/09\/europa_n.jpg\" class=\"attachment-full size-full wp-image-12246\" alt=\"\" srcset=\"https:\/\/europa-ks.com\/index\/wp-content\/uploads\/2022\/09\/europa_n.jpg 799w, https:\/\/europa-ks.com\/index\/wp-content\/uploads\/2022\/09\/europa_n-300x184.jpg 300w, https:\/\/europa-ks.com\/index\/wp-content\/uploads\/2022\/09\/europa_n-768x472.jpg 768w, https:\/\/europa-ks.com\/index\/wp-content\/uploads\/2022\/09\/europa_n-600x369.jpg 600w\" sizes=\"(max-width: 799px) 100vw, 799px\" \/>\t\t\t\t\t\t\t\t\t\t\t\t\t\t\t<\/div>\n\t\t\t\t<\/div>\n\t\t\t\t\t<\/div>\n\t\t<\/div>\n\t\t\t\t<div class=\"elementor-column elementor-col-33 elementor-top-column elementor-element elementor-element-3c3661c\" data-id=\"3c3661c\" data-element_type=\"column\" data-e-type=\"column\">\n\t\t\t<div class=\"elementor-widget-wrap elementor-element-populated\">\n\t\t\t\t\t\t<div class=\"elementor-element elementor-element-f9bf570 elementor-hidden-phone elementor-widget elementor-widget-image\" data-id=\"f9bf570\" data-element_type=\"widget\" data-e-type=\"widget\" data-widget_type=\"image.default\">\n\t\t\t\t<div class=\"elementor-widget-container\">\n\t\t\t\t\t\t\t\t\t\t\t\t\t\t\t<img decoding=\"async\" width=\"1\" height=\"500\" src=\"https:\/\/europa-ks.com\/index\/wp-content\/uploads\/2021\/02\/contact-us-img-4.jpg\" class=\"attachment-large size-large wp-image-4928\" alt=\"f\" \/>\t\t\t\t\t\t\t\t\t\t\t\t\t\t\t<\/div>\n\t\t\t\t<\/div>\n\t\t\t\t\t<\/div>\n\t\t<\/div>\n\t\t\t\t<div class=\"elementor-column elementor-col-33 elementor-top-column elementor-element elementor-element-421911e\" data-id=\"421911e\" data-element_type=\"column\" data-e-type=\"column\">\n\t\t\t<div class=\"elementor-widget-wrap elementor-element-populated\">\n\t\t\t\t\t\t<div class=\"elementor-element elementor-element-6631740 elementor-widget elementor-widget-qi_addons_for_elementor_contact_form_7\" data-id=\"6631740\" data-element_type=\"widget\" data-e-type=\"widget\" data-widget_type=\"qi_addons_for_elementor_contact_form_7.default\">\n\t\t\t\t<div class=\"elementor-widget-container\">\n\t\t\t\t\t<div class=\"qodef-shortcode qodef-m qodef-qi-contact-form-7\">\n\t\n<div class=\"wpcf7 no-js\" id=\"wpcf7-f8-o1\" lang=\"en-US\" dir=\"ltr\" data-wpcf7-id=\"8\">\n<div class=\"screen-reader-response\"><p role=\"status\" aria-live=\"polite\" aria-atomic=\"true\"><\/p> <ul><\/ul><\/div>\n<form action=\"\/index\/wp-json\/wp\/v2\/pages\/4870#wpcf7-f8-o1\" method=\"post\" class=\"wpcf7-form init\" aria-label=\"Contact form\" novalidate=\"novalidate\" data-status=\"init\">\n<fieldset class=\"hidden-fields-container\"><input type=\"hidden\" name=\"_wpcf7\" value=\"8\" \/><input type=\"hidden\" name=\"_wpcf7_version\" value=\"6.1.5\" \/><input type=\"hidden\" name=\"_wpcf7_locale\" value=\"en_US\" \/><input type=\"hidden\" name=\"_wpcf7_unit_tag\" value=\"wpcf7-f8-o1\" \/><input type=\"hidden\" name=\"_wpcf7_container_post\" value=\"0\" \/><input type=\"hidden\" name=\"_wpcf7_posted_data_hash\" value=\"\" \/>\n<\/fieldset>\n<label> Your name\n    <span class=\"wpcf7-form-control-wrap\" data-name=\"your-name\"><input size=\"40\" maxlength=\"400\" class=\"wpcf7-form-control wpcf7-text wpcf7-validates-as-required\" aria-required=\"true\" aria-invalid=\"false\" value=\"\" type=\"text\" name=\"your-name\" \/><\/span> <\/label>\n\n<label> Your email\n    <span class=\"wpcf7-form-control-wrap\" data-name=\"your-email\"><input size=\"40\" maxlength=\"400\" class=\"wpcf7-form-control wpcf7-email wpcf7-validates-as-required wpcf7-text wpcf7-validates-as-email\" aria-required=\"true\" aria-invalid=\"false\" value=\"\" type=\"email\" name=\"your-email\" \/><\/span> <\/label>\n\n<label> Subject\n    <span class=\"wpcf7-form-control-wrap\" data-name=\"your-subject\"><input size=\"40\" maxlength=\"400\" class=\"wpcf7-form-control wpcf7-text wpcf7-validates-as-required\" aria-required=\"true\" aria-invalid=\"false\" value=\"\" type=\"text\" name=\"your-subject\" \/><\/span> <\/label>\n\n<label> Your message (optional)\n    <span class=\"wpcf7-form-control-wrap\" data-name=\"your-message\"><textarea cols=\"40\" rows=\"10\" maxlength=\"2000\" class=\"wpcf7-form-control wpcf7-textarea\" aria-invalid=\"false\" name=\"your-message\"><\/textarea><\/span> <\/label>\n\n<button class=\"wpcf7-form-control wpcf7-submit qodef-button qodef-size--normal qodef-layout--filled qodef-m\" type=\"submit\"><span class=\"qodef-m-text\">Submit<\/span><\/button><div class=\"wpcf7-response-output\" aria-hidden=\"true\"><\/div>\n<\/form>\n<\/div>\n<\/div>\n\t\t\t\t<\/div>\n\t\t\t\t<\/div>\n\t\t\t\t\t<\/div>\n\t\t<\/div>\n\t\t\t\t\t<\/div>\n\t\t<\/section>\n\t\t\t\t<section class=\"elementor-section elementor-top-section elementor-element elementor-element-84e8706 qodef-elementor-content-grid elementor-section-boxed elementor-section-height-default elementor-section-height-default\" data-id=\"84e8706\" data-element_type=\"section\" data-e-type=\"section\">\n\t\t\t\t\t\t<div class=\"elementor-container elementor-column-gap-default\">\n\t\t\t\t\t<div class=\"elementor-column elementor-col-100 elementor-top-column elementor-element elementor-element-9d66c2a\" data-id=\"9d66c2a\" data-element_type=\"column\" data-e-type=\"column\">\n\t\t\t<div class=\"elementor-widget-wrap elementor-element-populated\">\n\t\t\t\t\t\t<div class=\"elementor-element elementor-element-2fa3ec6 elementor-widget__width-initial elementor-widget-tablet__width-initial elementor-widget elementor-widget-swissdelight_core_section_title\" data-id=\"2fa3ec6\" data-element_type=\"widget\" data-e-type=\"widget\" data-widget_type=\"swissdelight_core_section_title.default\">\n\t\t\t\t<div class=\"elementor-widget-container\">\n\t\t\t\t\t<div class=\"qodef-shortcode qodef-m  qodef-section-title qodef-alignment--center  qodef-appear-animation--enabled\">\n\t\t<h2 class=\"qodef-m-title\" >\n\t\t\trreth <span class=\"qodef-subtitle-wrapper\">nesh<span class=\"qodef-m-subtitle\" >choco<\/span><\/span>\t<\/h2>\n\t\t<p class=\"qodef-m-text\" style=\"margin-top: 15px\">Kompania \u201cEUROPA\u201d filloi pun\u00ebn n\u00eb Kosov\u00eb n\u00eb vitin 1991, fillimisht n\u00eb Vushtrri si p\u00ebrfaq\u00ebsues gjeneral i kompanis\u00eb \u201cEVROPA\u201d nga Maqedonia\nPas suksesit \u00e7\u00eb pat\u00ebm n\u00eb biznesin ton\u00eb p\u00ebr gjasht\u00eb vite me radh\u00eb, vendos\u00ebm t\u00eb transferohemi n\u00eb Prishtin\u00eb p\u00ebr ta zgj\u00ebruar tregun\nSot ne jemi gjithashtu p\u00ebrfaqesues t\u00eb disa kompanive tjera si: \u201cKENT &amp; MASTER\u201d nga Bosnia e cila merret me prodhimin e gj\u00ebrave ushqimore<\/p>\n\t<\/div>\n\t\t\t\t<\/div>\n\t\t\t\t<\/div>\n\t\t\t\t\t<\/div>\n\t\t<\/div>\n\t\t\t\t\t<\/div>\n\t\t<\/section>\n\t\t\t\t<section class=\"elementor-section elementor-top-section elementor-element elementor-element-bfa9707 qodef-elementor-content-grid elementor-section-boxed elementor-section-height-default elementor-section-height-default\" data-id=\"bfa9707\" data-element_type=\"section\" data-e-type=\"section\" data-settings=\"{&quot;background_background&quot;:&quot;classic&quot;}\">\n\t\t\t\t\t\t<div class=\"elementor-container elementor-column-gap-default\">\n\t\t\t\t\t<div class=\"elementor-column elementor-col-33 elementor-top-column elementor-element elementor-element-27c18e9\" data-id=\"27c18e9\" data-element_type=\"column\" data-e-type=\"column\">\n\t\t\t<div class=\"elementor-widget-wrap elementor-element-populated\">\n\t\t\t\t\t\t<div class=\"elementor-element elementor-element-6d6341e elementor-widget__width-auto elementor-widget elementor-widget-swissdelight_core_icon_with_text\" data-id=\"6d6341e\" data-element_type=\"widget\" data-e-type=\"widget\" data-widget_type=\"swissdelight_core_icon_with_text.default\">\n\t\t\t\t<div class=\"elementor-widget-container\">\n\t\t\t\t\t<div class=\"qodef-shortcode qodef-m  qodef-icon-with-text qodef-layout--before-title qodef--custom-icon\">\n\t<div class=\"qodef-m-content\">\n\t\t\t<h6 class=\"qodef-m-title\" >\n\t\t\t\t\t<a itemprop=\"url\" href=\"https:\/\/europa-ks.com\/index\/contact-us\/\" target=\"_self\">\n\t\t\t\t\t<span class=\"qodef-m-title-inner\">\n\t\t\t\t<span class=\"qodef-m-icon-wrapper\">\n\t\t\t\t\t<img decoding=\"async\" width=\"37\" height=\"37\" src=\"https:\/\/europa-ks.com\/index\/wp-content\/uploads\/2021\/01\/h1-icon-with-text-img1.png\" class=\"attachment-full size-full\" alt=\"d\" \/>\t\t\t\t<\/span>\n\t\t\t\t<span class=\"qodef-m-title-text\">\n\t\t\t\t\tSh\u00ebrbimi ndaj klientit\t\t\t\t<\/span>\n\t\t\t<\/span>\n\t\t\t\t\t<\/a>\n\t\t\t<\/h6>\n\t\t\t<\/div>\n<\/div>\n\t\t\t\t<\/div>\n\t\t\t\t<\/div>\n\t\t\t\t\t<\/div>\n\t\t<\/div>\n\t\t\t\t<div class=\"elementor-column elementor-col-33 elementor-top-column elementor-element elementor-element-7962466\" data-id=\"7962466\" data-element_type=\"column\" data-e-type=\"column\">\n\t\t\t<div class=\"elementor-widget-wrap elementor-element-populated\">\n\t\t\t\t\t\t<div class=\"elementor-element elementor-element-62ee7ee elementor-widget__width-auto elementor-widget elementor-widget-swissdelight_core_icon_with_text\" data-id=\"62ee7ee\" data-element_type=\"widget\" data-e-type=\"widget\" data-widget_type=\"swissdelight_core_icon_with_text.default\">\n\t\t\t\t<div class=\"elementor-widget-container\">\n\t\t\t\t\t<div class=\"qodef-shortcode qodef-m  qodef-icon-with-text qodef-layout--before-title qodef--custom-icon\">\n\t<div class=\"qodef-m-content\">\n\t\t\t<h6 class=\"qodef-m-title\" >\n\t\t\t\t\t<a itemprop=\"url\" href=\"https:\/\/europa-ks.com\/index\/product-category\/llokum\/\" target=\"_self\">\n\t\t\t\t\t<span class=\"qodef-m-title-inner\">\n\t\t\t\t<span class=\"qodef-m-icon-wrapper\">\n\t\t\t\t\t<img loading=\"lazy\" decoding=\"async\" width=\"37\" height=\"37\" src=\"https:\/\/europa-ks.com\/index\/wp-content\/uploads\/2021\/01\/h1-icon-with-text-img2.png\" class=\"attachment-full size-full\" alt=\"n\" \/>\t\t\t\t<\/span>\n\t\t\t\t<span class=\"qodef-m-title-text\">\n\t\t\t\t\tBli Online\t\t\t\t<\/span>\n\t\t\t<\/span>\n\t\t\t\t\t<\/a>\n\t\t\t<\/h6>\n\t\t\t<\/div>\n<\/div>\n\t\t\t\t<\/div>\n\t\t\t\t<\/div>\n\t\t\t\t\t<\/div>\n\t\t<\/div>\n\t\t\t\t<div class=\"elementor-column elementor-col-33 elementor-top-column elementor-element elementor-element-53bbb09\" data-id=\"53bbb09\" data-element_type=\"column\" data-e-type=\"column\">\n\t\t\t<div class=\"elementor-widget-wrap elementor-element-populated\">\n\t\t\t\t\t\t<div class=\"elementor-element elementor-element-7206e68 elementor-widget__width-auto elementor-widget elementor-widget-swissdelight_core_icon_with_text\" data-id=\"7206e68\" data-element_type=\"widget\" data-e-type=\"widget\" data-widget_type=\"swissdelight_core_icon_with_text.default\">\n\t\t\t\t<div class=\"elementor-widget-container\">\n\t\t\t\t\t<div class=\"qodef-shortcode qodef-m  qodef-icon-with-text qodef-layout--before-title qodef--custom-icon\">\n\t<div class=\"qodef-m-content\">\n\t\t\t<h6 class=\"qodef-m-title\" >\n\t\t\t\t\t<a itemprop=\"url\" href=\"https:\/\/europa-ks.com\/index\/contact-us\/\" target=\"_self\">\n\t\t\t\t\t<span class=\"qodef-m-title-inner\">\n\t\t\t\t<span class=\"qodef-m-icon-wrapper\">\n\t\t\t\t\t<img loading=\"lazy\" decoding=\"async\" width=\"37\" height=\"37\" src=\"https:\/\/europa-ks.com\/index\/wp-content\/uploads\/2021\/01\/h1-icon-with-text-img3.png\" class=\"attachment-full size-full\" alt=\"m\" \/>\t\t\t\t<\/span>\n\t\t\t\t<span class=\"qodef-m-title-text\">\n\t\t\t\t\tNa gjej\t\t\t\t<\/span>\n\t\t\t<\/span>\n\t\t\t\t\t<\/a>\n\t\t\t<\/h6>\n\t\t\t<\/div>\n<\/div>\n\t\t\t\t<\/div>\n\t\t\t\t<\/div>\n\t\t\t\t\t<\/div>\n\t\t<\/div>\n\t\t\t\t\t<\/div>\n\t\t<\/section>\n\t\t\t\t<\/div>\n\t\t","protected":false},"excerpt":{"rendered":"<p>Prishtin\u00eb Preoc &#8211; Afer Lagjes Marigona Residence +383 49 802 333 info@europa-ks.com Your name Your email Subject Your message (optional) Submit rreth neshchoco Kompania \u201cEUROPA\u201d filloi pun\u00ebn n\u00eb Kosov\u00eb n\u00eb vitin 1991, fillimisht n\u00eb Vushtrri si p\u00ebrfaq\u00ebsues gjeneral i kompanis\u00eb \u201cEVROPA\u201d nga Maqedonia Pas suksesit \u00e7\u00eb pat\u00ebm n\u00eb biznesin ton\u00eb p\u00ebr gjasht\u00eb vite me radh\u00eb, [&hellip;]<\/p>\n","protected":false},"author":1,"featured_media":0,"parent":0,"menu_order":0,"comment_status":"closed","ping_status":"closed","template":"page-full-width.php","meta":{"footnotes":""},"class_list":["post-4870","page","type-page","status-publish","hentry"],"jetpack_sharing_enabled":true,"_links":{"self":[{"href":"https:\/\/europa-ks.com\/index\/wp-json\/wp\/v2\/pages\/4870","targetHints":{"allow":["GET"]}}],"collection":[{"href":"https:\/\/europa-ks.com\/index\/wp-json\/wp\/v2\/pages"}],"about":[{"href":"https:\/\/europa-ks.com\/index\/wp-json\/wp\/v2\/types\/page"}],"author":[{"embeddable":true,"href":"https:\/\/europa-ks.com\/index\/wp-json\/wp\/v2\/users\/1"}],"replies":[{"embeddable":true,"href":"https:\/\/europa-ks.com\/index\/wp-json\/wp\/v2\/comments?post=4870"}],"version-history":[{"count":36,"href":"https:\/\/europa-ks.com\/index\/wp-json\/wp\/v2\/pages\/4870\/revisions"}],"predecessor-version":[{"id":12255,"href":"https:\/\/europa-ks.com\/index\/wp-json\/wp\/v2\/pages\/4870\/revisions\/12255"}],"wp:attachment":[{"href":"https:\/\/europa-ks.com\/index\/wp-json\/wp\/v2\/media?parent=4870"}],"curies":[{"name":"wp","href":"https:\/\/api.w.org\/{rel}","templated":true}]}}